{"id":1046,"date":"2024-03-04T17:34:42","date_gmt":"2024-03-04T10:34:42","guid":{"rendered":"http:\/\/phauthuatnhi.vn\/vi\/?page_id=1046"},"modified":"2025-10-28T02:39:01","modified_gmt":"2025-10-27T19:39:01","slug":"trang-chu-2","status":"publish","type":"page","link":"http:\/\/phauthuatnhi.vn\/vi\/","title":{"rendered":"Trang ch\u1ee7"},"content":{"rendered":"\n<p class=\"has-large-font-size\"><strong>H\u1ed9i ngh\u1ecb Ngo\u1ea1i nhi to\u00e0n qu\u1ed1c l\u1ea7n th\u1ee9 XIX \u2013 Ph\u1eabu thu\u1eadt Nhi khoa v\u00e0 ch\u0103m s\u00f3c to\u00e0n di\u1ec7n<\/strong><\/p>\n\n\n\n<p>Ng\u00e0nh ngo\u1ea1i nhi Vi\u1ec7t Nam \u0111\u00e3 c\u00f3 nhi\u1ec1u b\u01b0\u1edbc ph\u00e1t tri\u1ec3n v\u01b0\u1ee3t b\u1eadc, t\u1eeb ph\u1eabu thu\u1eadt c\u1ea5p c\u1ee9u, ngo\u1ea1i t\u1ed5ng h\u1ee3p \u0111\u1ebfn c\u00e1c k\u1ef9 thu\u1eadt chuy\u00ean s\u00e2u nh\u01b0 gh\u00e9p t\u1ea1ng, ph\u1eabu thu\u1eadt tim b\u1ea9m sinh, ph\u1eabu thu\u1eadt n\u1ed9i soi v\u00e0 can thi\u1ec7p t\u1ed1i thi\u1ec3u. \u0110\u1ed9i ng\u0169 b\u00e1c s\u0129 ngo\u1ea1i nhi kh\u00f4ng ng\u1eebng nghi\u00ean c\u1ee9u, \u1ee9ng d\u1ee5ng ti\u1ebfn b\u1ed9 y h\u1ecdc \u0111\u1ec3 mang l\u1ea1i c\u01a1 h\u1ed9i s\u1ed1ng kh\u1ecfe m\u1ea1nh v\u00e0 tr\u1ecdn v\u1eb9n h\u01a1n cho tr\u1ebb em tr\u00ean kh\u1eafp c\u1ea3 n\u01b0\u1edbc. H\u1ed9i ngh\u1ecb Ngo\u1ea1i nhi to\u00e0n qu\u1ed1c l\u1ea7n th\u1ee9 XIX (9&amp;10\/10\/2025) t\u1ea1i b\u1ec7nh vi\u1ec7n Vi\u1ec7t \u0110\u1ee9c v\u1edbi ch\u1ee7 \u0111\u1ec1 \u201cPh\u1eabu thu\u1eadt Nhi khoa v\u00e0 ch\u0103m s\u00f3c to\u00e0n di\u1ec7n\u201d l\u00e0 n\u01a1i c\u00e1c chuy\u00ean gia h\u00e0ng \u0111\u1ea7u c\u1ea3 n\u01b0\u1edbc chia s\u1ebb kinh nghi\u1ec7m v\u00e0 c\u1eadp nh\u1eadt ti\u1ebfn b\u1ed9 m\u1edbi, g\u00f3p ph\u1ea7n n\u00e2ng cao ch\u1ea5t l\u01b0\u1ee3ng \u0111i\u1ec1u tr\u1ecb ngo\u1ea1i khoa cho tr\u1ebb em Vi\u1ec7t Nam.<\/p>\n\n\n\n<p>H\u1ed9i ngh\u1ecb c\u00f3 s\u1ef1 tham d\u1ef1 c\u1ee7a nhi\u1ec1u chuy\u00ean gia h\u00e0ng \u0111\u1ea7u trong l\u0129nh v\u1ef1c ngo\u1ea1i khoa. T\u1ea1i \u0111\u00e2y, h\u01a1n&nbsp;<strong>80<\/strong>&nbsp;b\u00e0i b\u00e1o c\u00e1o khoa h\u1ecdc, b\u00e1o c\u00e1o ca l\u00e2m s\u00e0ng \u0111\u01b0\u1ee3c tr\u00ecnh b\u00e0y b\u1edfi c\u00e1c chuy\u00ean gia \u0111\u1ebfn t\u1eeb nhi\u1ec1u b\u1ec7nh vi\u1ec7n, \u0111\u1ea1i h\u1ecdc y d\u01b0\u1ee3c trong c\u1ea3 n\u01b0\u1edbc.<\/p>\n\n\n\n<figure class=\"wp-block-image size-large\"><img loading=\"lazy\" width=\"760\" height=\"760\" src=\"http:\/\/phauthuatnhi.vn\/vi\/wp-content\/uploads\/2025\/10\/1.png\" alt=\"\" class=\"wp-image-1101\" srcset=\"http:\/\/phauthuatnhi.vn\/vi\/wp-content\/uploads\/2025\/10\/1.png 760w, http:\/\/phauthuatnhi.vn\/vi\/wp-content\/uploads\/2025\/10\/1-300x300.png 300w, http:\/\/phauthuatnhi.vn\/vi\/wp-content\/uploads\/2025\/10\/1-150x150.png 150w\" sizes=\"(max-width: 760px) 100vw, 760px\" \/><\/figure>\n","protected":false},"excerpt":{"rendered":"<div class=\"mh-excerpt\"><p>H\u1ed9i ngh\u1ecb Ngo\u1ea1i nhi to\u00e0n qu\u1ed1c l\u1ea7n th\u1ee9 XIX \u2013 Ph\u1eabu thu\u1eadt Nhi khoa v\u00e0 ch\u0103m s\u00f3c to\u00e0n di\u1ec7n Ng\u00e0nh ngo\u1ea1i nhi Vi\u1ec7t Nam \u0111\u00e3 c\u00f3 nhi\u1ec1u b\u01b0\u1edbc ph\u00e1t tri\u1ec3n v\u01b0\u1ee3t b\u1eadc, t\u1eeb ph\u1eabu thu\u1eadt <a class=\"mh-excerpt-more\" href=\"http:\/\/phauthuatnhi.vn\/vi\/\" title=\"Trang ch\u1ee7\">[&#8230;]<\/a><\/p>\n<\/div>","protected":false},"author":2,"featured_media":0,"parent":0,"menu_order":0,"comment_status":"closed","ping_status":"closed","template":"","meta":[],"_links":{"self":[{"href":"http:\/\/phauthuatnhi.vn\/vi\/wp-json\/wp\/v2\/pages\/1046"}],"collection":[{"href":"http:\/\/phauthuatnhi.vn\/vi\/wp-json\/wp\/v2\/pages"}],"about":[{"href":"http:\/\/phauthuatnhi.vn\/vi\/wp-json\/wp\/v2\/types\/page"}],"author":[{"embeddable":true,"href":"http:\/\/phauthuatnhi.vn\/vi\/wp-json\/wp\/v2\/users\/2"}],"replies":[{"embeddable":true,"href":"http:\/\/phauthuatnhi.vn\/vi\/wp-json\/wp\/v2\/comments?post=1046"}],"version-history":[{"count":5,"href":"http:\/\/phauthuatnhi.vn\/vi\/wp-json\/wp\/v2\/pages\/1046\/revisions"}],"predecessor-version":[{"id":1106,"href":"http:\/\/phauthuatnhi.vn\/vi\/wp-json\/wp\/v2\/pages\/1046\/revisions\/1106"}],"wp:attachment":[{"href":"http:\/\/phauthuatnhi.vn\/vi\/wp-json\/wp\/v2\/media?parent=1046"}],"curies":[{"name":"wp","href":"https:\/\/api.w.org\/{rel}","templated":true}]}}