{"id":314,"date":"2021-08-15T14:37:00","date_gmt":"2021-08-15T07:37:00","guid":{"rendered":"http:\/\/phauthuatnhi.vn\/vi\/?page_id=314"},"modified":"2021-08-31T08:55:09","modified_gmt":"2021-08-31T01:55:09","slug":"ban-quan-tri","status":"publish","type":"page","link":"http:\/\/phauthuatnhi.vn\/vi\/ban-quan-tri\/","title":{"rendered":"Ban qu\u1ea3n tr\u1ecb"},"content":{"rendered":"\n<p><strong>1. TS. BS. Tr\u1ea7n Thanh Tr\u00ed<\/strong><\/p>\n\n\n\n<figure class=\"wp-block-image size-large\"><img loading=\"lazy\" width=\"1024\" height=\"683\" src=\"http:\/\/phauthuatnhi.vn\/vi\/wp-content\/uploads\/2021\/08\/anh-Tri-1024x683.jpeg\" alt=\"\" class=\"wp-image-519\" srcset=\"http:\/\/phauthuatnhi.vn\/vi\/wp-content\/uploads\/2021\/08\/anh-Tri-1024x683.jpeg 1024w, http:\/\/phauthuatnhi.vn\/vi\/wp-content\/uploads\/2021\/08\/anh-Tri-300x200.jpeg 300w, http:\/\/phauthuatnhi.vn\/vi\/wp-content\/uploads\/2021\/08\/anh-Tri-768x512.jpeg 768w, http:\/\/phauthuatnhi.vn\/vi\/wp-content\/uploads\/2021\/08\/anh-Tri-1536x1024.jpeg 1536w, http:\/\/phauthuatnhi.vn\/vi\/wp-content\/uploads\/2021\/08\/anh-Tri-2048x1365.jpeg 2048w\" sizes=\"(max-width: 1024px) 100vw, 1024px\" \/><\/figure>\n\n\n\n<ul><li>T\u1ed1t nghi\u1ec7p BS \u0111a khoa \u0110HYD 1995<\/li><li>T\u1ed1t nghi\u1ec7p BS CK1 chuy\u00ean ng\u00e0nh n\u1ed9i nhi n\u0103m 1999<\/li><li>T\u1ed1t nghi\u1ec7p Th\u1ea1c s\u0129 chuy\u00ean ng\u00e0nh Ngo\u1ea1i Nhi n\u0103m 2008<\/li><li>T\u1ed1t nghi\u1ec7p Ti\u1ebfn s\u0129 khoa h\u1ecdc chuy\u00ean ng\u00e0nh Ngo\u1ea1i ti\u00eau h\u00f3a n\u0103m 2018<\/li><li>T\u1ed1t nghi\u1ec7p CK2 chuy\u00ean ng\u00e0nh Qu\u1ea3n l\u00fd y t\u1ebf n\u0103m 2020<\/li><li>C\u00f4ng t\u00e1c t\u1ea1i b\u1ec7nh vi\u1ec7n Nhi \u0110\u1ed3ng 2 t\u1eeb n\u0103m 1999 cho \u0111\u1ebfn nay<\/li><li>Tu nghi\u1ec7p t\u1ea1i BV Saint-Luc, Bruxelles, B\u1ec9 n\u0103m 2002-2003 v\u1ec1 Ph\u1eabu thu\u1eadt gan m\u1eadt tr\u1ebb em v\u00e0 gh\u00e9p gan<\/li><li>Tu nghi\u1ec7p t\u1ea1i M\u1ef9 (Stanford University) n\u0103m 2010 v\u1ec1 Ph\u1eabu thu\u1eadt n\u1ed9i soi tr\u1ebb em n\u0103m 2010<\/li><li>Tham gia t\u1ea5t c\u1ea3 c\u00e1c tr\u01b0\u1eddng h\u1ee3p gh\u00e9p gan t\u1ea1i B\u1ec7nh Vi\u1ec7n Nhi \u0110\u1ed3ng 2<\/li><li>Tham gia nhi\u1ec1u tr\u01b0\u1eddng h\u1ee3p t\u00e1ch d\u00ednh ph\u1ee9c t\u1ea1p t\u1ea1i BV Nhi \u0110\u1ed3ng 2 v\u00e0 N\u0110TP v\u00e0 \u0111\u01b0\u1ee3c tuy\u00ean d\u01b0\u01a1ng, khen th\u01b0\u1edfng<\/li><li>Tham gia nhi\u1ec1u tr\u01b0\u1eddng h\u1ee3p kh\u00f3 v\u1ec1 ph\u1eabu thu\u1eadt ti\u00eau h\u00f3a, gan m\u1eadt t\u1ee5y, s\u01a1 sinh<\/li><li>T\u1eebng ph\u1ee5 tr\u00e1ch v\u00e0 ph\u00e1t tri\u1ec3n PTNS, PT s\u01a1 sinh t\u1ea1i B\u1ec7nh vi\u1ec7n Nhi \u0110\u1ed3ng 2 t\u1eeb nh\u1eefng ng\u00e0y \u0111\u1ea7u (2003) cho \u0111\u1ebfn nay<\/li><li>Nguy\u00ean Tr\u01b0\u1edfng khoa Ngo\u1ea1i T\u1ed5ng H\u1ee3p (2017-2021)<\/li><li>Hi\u1ec7n l\u00e0 Tr\u01b0\u1edfng khoa Gan M\u1eadt T\u1ee5y v\u00e0 Gh\u00e9p Gan<\/li><li>Nhi\u1ec1u c\u00f4ng tr\u00ecnh khoa h\u1ecdc \u0111\u01b0\u1ee3c \u0111ang b\u00e1o trong v\u00e0 ngo\u00e0i n\u01b0\u1edbc<\/li><li>Tham gia chuy\u1ec3n giao k\u1ef9 thu\u1eadt cho nhi\u1ec1u b\u1ec7nh vi\u1ec7n khu v\u1ef1c ph\u00eda nam<\/li><li>C\u1ed9ng t\u00e1c v\u1edbi nhi\u1ec1u b\u1ec7nh vi\u1ec7n t\u1ea1i th\u00e0nh ph\u1ed1 H\u1ed3 Ch\u00ed Minh: FV, Vinmec v\u00e0 b\u1ec7nh vi\u1ec7n H\u1ea1nh Ph\u00fac<\/li><\/ul>\n\n\n\n<p><strong>2. ThS. BS. H\u1ed3 Phi Duy<\/strong><\/p>\n\n\n\n<div class=\"wp-block-image\"><figure class=\"aligncenter size-large\"><img loading=\"lazy\" width=\"1024\" height=\"683\" src=\"http:\/\/phauthuatnhi.vn\/vi\/wp-content\/uploads\/2021\/08\/duy-1024x683.jpeg\" alt=\"\" class=\"wp-image-520\" srcset=\"http:\/\/phauthuatnhi.vn\/vi\/wp-content\/uploads\/2021\/08\/duy-1024x683.jpeg 1024w, http:\/\/phauthuatnhi.vn\/vi\/wp-content\/uploads\/2021\/08\/duy-300x200.jpeg 300w, http:\/\/phauthuatnhi.vn\/vi\/wp-content\/uploads\/2021\/08\/duy-768x512.jpeg 768w, http:\/\/phauthuatnhi.vn\/vi\/wp-content\/uploads\/2021\/08\/duy-1536x1024.jpeg 1536w, http:\/\/phauthuatnhi.vn\/vi\/wp-content\/uploads\/2021\/08\/duy-2048x1365.jpeg 2048w\" sizes=\"(max-width: 1024px) 100vw, 1024px\" \/><\/figure><\/div>\n\n\n\n<ul><li>T\u1ed1t nghi\u1ec7p BS \u0111a khoa \u0110HYD 2014<\/li><li>T\u1ed1t nghi\u1ec7p Th\u1ea1c s\u0129 Y h\u1ecdc &#8211; Ngo\u1ea1i Khoa n\u0103m 2018<\/li><li>T\u1ed1t Nghi\u1ec7p BS Chuy\u00ean Khoa I &#8211; Ngo\u1ea1i Nhi n\u0103m 2018<\/li><li>T\u1ed1t nghi\u1ec7p BS N\u1ed9i Tr\u00fa &#8211; Ngo\u1ea1i Nhi n\u0103m 2018<\/li><li>C\u00f4ng t\u00e1c t\u1ea1i B\u1ec7nh vi\u1ec7n Nhi \u0110\u1ed3ng 2 t\u1eeb n\u0103m 2015 \u0111\u1ebfn nay<\/li><li>Khoa c\u00f4ng t\u00e1c hi\u1ec7n t\u1ea1i: Gan M\u1eadt T\u1ee5y v\u00e0 Gh\u00e9p gan.<\/li><li>Th\u00e0nh vi\u00ean \u00ea-k\u00edp ph\u1eabu thu\u1eadt s\u01a1 sinh, \u00ea-k\u00edp gh\u00e9p gan.<\/li><\/ul>\n\n\n\n<p><strong>3. BS. L\u01b0u Nguy\u1ec5n An Thu\u1eadn<\/strong><\/p>\n\n\n\n<div class=\"wp-block-image\"><figure class=\"aligncenter size-large\"><img loading=\"lazy\" width=\"1024\" height=\"683\" src=\"http:\/\/phauthuatnhi.vn\/vi\/wp-content\/uploads\/2021\/08\/thuan-1024x683.jpeg\" alt=\"\" class=\"wp-image-521\" srcset=\"http:\/\/phauthuatnhi.vn\/vi\/wp-content\/uploads\/2021\/08\/thuan-1024x683.jpeg 1024w, http:\/\/phauthuatnhi.vn\/vi\/wp-content\/uploads\/2021\/08\/thuan-300x200.jpeg 300w, http:\/\/phauthuatnhi.vn\/vi\/wp-content\/uploads\/2021\/08\/thuan-768x512.jpeg 768w, http:\/\/phauthuatnhi.vn\/vi\/wp-content\/uploads\/2021\/08\/thuan-1536x1024.jpeg 1536w, http:\/\/phauthuatnhi.vn\/vi\/wp-content\/uploads\/2021\/08\/thuan-2048x1365.jpeg 2048w\" sizes=\"(max-width: 1024px) 100vw, 1024px\" \/><\/figure><\/div>\n\n\n\n<ul><li>T\u1ed1t nghi\u1ec7p BS \u0111a khoa \u0110HYD 2015<\/li><li>C\u00f4ng t\u00e1c t\u1ea1i b\u1ec7nh vi\u1ec7n Nhi \u0110\u1ed3ng 2 t\u1eeb n\u0103m 2015 cho \u0111\u1ebfn nay<\/li><li>Tham gia nhi\u1ec1u tr\u01b0\u1eddng h\u1ee3p kh\u00f3 v\u1ec1 ph\u1eabu thu\u1eadt ti\u00eau h\u00f3a, gan m\u1eadt t\u1ee5y, s\u01a1 sinh<\/li><li>Tham gia c\u00e1c tr\u01b0\u1eddng h\u1ee3p gh\u00e9p gan t\u1ea1i B\u1ec7nh Vi\u1ec7n Nhi \u0110\u1ed3ng 2 t\u1eeb n\u0103m 2018 \u0111\u1ebfn nay<\/li><li>C\u00f4ng t\u00e1c t\u1ea1i Khoa&nbsp;Gan M\u1eadt T\u1ee5y v\u00e0 Gh\u00e9p Gan B\u1ec7nh Vi\u1ec7n Nhi \u0110\u1ed3ng 2<\/li><li>Tham gia nghi\u00ean c\u1ee9u v\u1ec1 c\u00e1c \u0111\u1ec1 t\u00e0i teo \u0111\u01b0\u1eddng m\u1eadt v\u00e0 \u1ee9ng d\u1ee5ng t\u1ebf b\u00e0o g\u1ed1c trong \u0111i\u1ec1u tr\u1ecb b\u1ec7nh l\u00fd gan m\u1eadt \u1edf tr\u1ebb em<\/li><\/ul>\n\n\n\n<p><strong>4. BS. Tr\u1ea7n Minh T\u00e2n<\/strong><\/p>\n\n\n\n<div class=\"wp-block-image\"><figure class=\"aligncenter size-large\"><img loading=\"lazy\" width=\"1024\" height=\"683\" src=\"http:\/\/phauthuatnhi.vn\/vi\/wp-content\/uploads\/2021\/08\/tan-1024x683.jpeg\" alt=\"\" class=\"wp-image-522\" srcset=\"http:\/\/phauthuatnhi.vn\/vi\/wp-content\/uploads\/2021\/08\/tan-1024x683.jpeg 1024w, http:\/\/phauthuatnhi.vn\/vi\/wp-content\/uploads\/2021\/08\/tan-300x200.jpeg 300w, http:\/\/phauthuatnhi.vn\/vi\/wp-content\/uploads\/2021\/08\/tan-768x512.jpeg 768w, http:\/\/phauthuatnhi.vn\/vi\/wp-content\/uploads\/2021\/08\/tan-1536x1024.jpeg 1536w, http:\/\/phauthuatnhi.vn\/vi\/wp-content\/uploads\/2021\/08\/tan-2048x1365.jpeg 2048w\" sizes=\"(max-width: 1024px) 100vw, 1024px\" \/><\/figure><\/div>\n\n\n\n<ul id=\"block-27079b6f-d530-4329-86a6-91100b6aca4d\"><li>T\u1ed1t nghi\u1ec7p BS \u0111a khoa \u0110HYD TPHCM 2019<\/li><li>H\u1ecdc t\u1eadp tham gia c\u00f4ng t\u00e1c c\u1ee7a khoa ngo\u1ea1i t\u1ed5ng h\u1ee3p v\u00e0 gan m\u1eadt tu\u1ef5-gh\u00e9p gan 2020-2021<\/li><li>Tham gia c\u00e1c tr\u01b0\u1eddng h\u1ee3p ph\u1eabu thu\u1eadt t\u1ed5ng qu\u00e1t nhi, ph\u1eabu thu\u1eadt s\u01a1 sinh, gan m\u1eadt tu\u1ef5<\/li><li>Tham gia nhi\u1ec1u h\u1ed9i ngh\u1ecb ngo\u1ea1i nhi t\u1ea1i BV Nhi \u0110\u1ed3ng 2 v\u00e0 c\u00e1c t\u1ec9nh<\/li><\/ul>\n\n\n\n<p><strong>5. BSCK2. B\u00f9i H\u1ea3i Trung<\/strong><\/p>\n\n\n\n<div class=\"wp-block-image\"><figure class=\"aligncenter size-large is-resized\"><img loading=\"lazy\" src=\"http:\/\/phauthuatnhi.vn\/vi\/wp-content\/uploads\/2021\/08\/anh-trung-2.jpg\" alt=\"\" class=\"wp-image-573\" width=\"360\" height=\"480\"\/><\/figure><\/div>\n\n\n\n<ul><li>T\u1ed1t nghi\u1ec7p BS \u0111a khoa \u0110HYD 2006<\/li><li>T\u1ed1t nghi\u1ec7p BS N\u1ed9i Tr\u00fa chuy\u00ean ng\u00e0nh Ngo\u1ea1i Nhi n\u0103m 2009<\/li><li>T\u1ed1t Nghi\u1ec7p BS Chuy\u00ean Khoa I chuy\u00ean ng\u00e0nh Ngo\u1ea1i Nhi n\u0103m 2009<\/li><li>T\u1ed1t Nghi\u1ec7p BS Chuy\u00ean Khoa II&nbsp; chuy\u00ean ng\u00e0nh Ngo\u1ea1i Nhi n\u0103m 2018<\/li><li>Tu nghi\u1ec7p t\u1ea1i BV Chang Gun, Kaohsiung, Taiwan n\u0103m 2013 v\u1ec1 Ph\u1eabu thu\u1eadt Gh\u00e9p gan<\/li><li>Tu nghi\u1ec7p t\u1ea1i BV Saint-Luc, Bruxelles, B\u1ec9 n\u0103m 2019-2020 v\u1ec1 Ph\u1eabu thu\u1eadt gh\u00e9p gan v\u00e0 Ph\u1eabu thu\u1eadt Nhi<\/li><li>C\u00f4ng t\u00e1c t\u1ea1i B\u1ec7nh vi\u1ec7n Nhi \u0110\u1ed3ng 2 t\u1eeb n\u0103m 2010 \u0111\u1ebfn nay<\/li><li>Khoa c\u00f4ng t\u00e1c hi\u1ec7n t\u1ea1i: Gan M\u1eadt T\u1ee5y v\u00e0 Gh\u00e9p gan.<\/li><\/ul>\n\n\n\n<p><strong>6. ThS. BS. Phan Tu\u1ea5n Ki\u1ec7t<\/strong><\/p>\n\n\n\n<div class=\"wp-block-image\"><figure class=\"aligncenter size-medium is-resized\"><img loading=\"lazy\" src=\"http:\/\/phauthuatnhi.vn\/vi\/wp-content\/uploads\/2021\/08\/126653-200x300.jpg\" alt=\"\" class=\"wp-image-531\" width=\"150\" height=\"225\" srcset=\"http:\/\/phauthuatnhi.vn\/vi\/wp-content\/uploads\/2021\/08\/126653-200x300.jpg 200w, http:\/\/phauthuatnhi.vn\/vi\/wp-content\/uploads\/2021\/08\/126653-683x1024.jpg 683w, http:\/\/phauthuatnhi.vn\/vi\/wp-content\/uploads\/2021\/08\/126653-768x1152.jpg 768w, http:\/\/phauthuatnhi.vn\/vi\/wp-content\/uploads\/2021\/08\/126653-1024x1536.jpg 1024w, http:\/\/phauthuatnhi.vn\/vi\/wp-content\/uploads\/2021\/08\/126653-1365x2048.jpg 1365w, http:\/\/phauthuatnhi.vn\/vi\/wp-content\/uploads\/2021\/08\/126653.jpg 1417w\" sizes=\"(max-width: 150px) 100vw, 150px\" \/><\/figure><\/div>\n\n\n\n<ul><li>T\u1ed1t nghi\u1ec7p BS \u0111a khoa \u0110HYD C\u1ea7n Th\u01a1 2017<\/li><li>T\u1ed1t nghi\u1ec7p BS N\u1ed9i Tr\u00fa chuy\u00ean ng\u00e0nh Ngo\u1ea1i Nhi n\u0103m 2020<\/li><li>T\u1ed1t nghi\u1ec7p Th\u1ea1c s\u0129 Y h\u1ecdc &#8211; Ngo\u1ea1i Khoa n\u0103m 2020<\/li><li>T\u1ed1t Nghi\u1ec7p BS Chuy\u00ean Khoa I &#8211; Ngo\u1ea1i Nhi n\u0103m 2020<\/li><li>C\u00f4ng t\u00e1c t\u1ea1i B\u1ec7nh vi\u1ec7n Nhi \u0110\u1ed3ng 2 t\u1eeb n\u0103m 2021 \u0111\u1ebfn nay<\/li><li>Khoa c\u00f4ng t\u00e1c hi\u1ec7n t\u1ea1i: Gan M\u1eadt T\u1ee5y v\u00e0 Gh\u00e9p gan.<\/li><\/ul>\n","protected":false},"excerpt":{"rendered":"<div class=\"mh-excerpt\"><p>1. TS. BS. Tr\u1ea7n Thanh Tr\u00ed T\u1ed1t nghi\u1ec7p BS \u0111a khoa \u0110HYD 1995 T\u1ed1t nghi\u1ec7p BS CK1 chuy\u00ean ng\u00e0nh n\u1ed9i nhi n\u0103m 1999 T\u1ed1t nghi\u1ec7p Th\u1ea1c s\u0129 chuy\u00ean ng\u00e0nh Ngo\u1ea1i Nhi n\u0103m 2008 T\u1ed1t nghi\u1ec7p <a class=\"mh-excerpt-more\" href=\"http:\/\/phauthuatnhi.vn\/vi\/ban-quan-tri\/\" title=\"Ban qu\u1ea3n tr\u1ecb\">[&#8230;]<\/a><\/p>\n<\/div>","protected":false},"author":3,"featured_media":0,"parent":0,"menu_order":3,"comment_status":"closed","ping_status":"closed","template":"","meta":[],"_links":{"self":[{"href":"http:\/\/phauthuatnhi.vn\/vi\/wp-json\/wp\/v2\/pages\/314"}],"collection":[{"href":"http:\/\/phauthuatnhi.vn\/vi\/wp-json\/wp\/v2\/pages"}],"about":[{"href":"http:\/\/phauthuatnhi.vn\/vi\/wp-json\/wp\/v2\/types\/page"}],"author":[{"embeddable":true,"href":"http:\/\/phauthuatnhi.vn\/vi\/wp-json\/wp\/v2\/users\/3"}],"replies":[{"embeddable":true,"href":"http:\/\/phauthuatnhi.vn\/vi\/wp-json\/wp\/v2\/comments?post=314"}],"version-history":[{"count":11,"href":"http:\/\/phauthuatnhi.vn\/vi\/wp-json\/wp\/v2\/pages\/314\/revisions"}],"predecessor-version":[{"id":859,"href":"http:\/\/phauthuatnhi.vn\/vi\/wp-json\/wp\/v2\/pages\/314\/revisions\/859"}],"wp:attachment":[{"href":"http:\/\/phauthuatnhi.vn\/vi\/wp-json\/wp\/v2\/media?parent=314"}],"curies":[{"name":"wp","href":"https:\/\/api.w.org\/{rel}","templated":true}]}}