{"id":320,"date":"2021-08-15T14:40:50","date_gmt":"2021-08-15T07:40:50","guid":{"rendered":"http:\/\/phauthuatnhi.vn\/vi\/?page_id=320"},"modified":"2024-03-02T07:49:22","modified_gmt":"2024-03-02T00:49:22","slug":"dat-hen-tu-van","status":"publish","type":"page","link":"http:\/\/phauthuatnhi.vn\/vi\/dat-hen-tu-van\/","title":{"rendered":"\u0110\u1eb7t h\u1eb9n t\u01b0 v\u1ea5n v\u00e0 th\u0103m kh\u00e1m"},"content":{"rendered":"\n<p>Ph\u00f2ng Kh\u00e1m N\u1ed9i, Nhi V\u1ea1n H\u1ea1nh <\/p>\n\n\n\n<p>22 Tr\u1ea7n Nh\u00e2n T\u00f4n, F2, Q10, TP. HCM<\/p>\n\n\n\n<p>TS.BS Tr\u1ea7n Thanh Tr\u00ed, chi\u1ec1u th\u1ee9 5 h\u1eb1ng tu\u1ea7n, 17h-20h.<\/p>\n\n\n\n<p>ThS.BS. H\u1ed3 Phi Duy, chi\u1ec1u Th\u1ee9 2,4,6 h\u1eb1ng tu\u1ea7n, 17h-20h.<\/p>\n\n\n\n<p>\u0110\u1eb7t h\u1eb9n: 0902437876 &#8211; BS. Phi Duy<\/p>\n\n\n\n<figure class=\"wp-block-image size-thumbnail\"><img loading=\"lazy\" width=\"150\" height=\"150\" src=\"http:\/\/phauthuatnhi.vn\/vi\/wp-content\/uploads\/2024\/03\/zalo-OA-150x150.jpg\" alt=\"\" class=\"wp-image-1043\" srcset=\"http:\/\/phauthuatnhi.vn\/vi\/wp-content\/uploads\/2024\/03\/zalo-OA-150x150.jpg 150w, http:\/\/phauthuatnhi.vn\/vi\/wp-content\/uploads\/2024\/03\/zalo-OA-300x300.jpg 300w, http:\/\/phauthuatnhi.vn\/vi\/wp-content\/uploads\/2024\/03\/zalo-OA.jpg 520w\" sizes=\"(max-width: 150px) 100vw, 150px\" \/><\/figure>\n\n\n\n<p><\/p>\n","protected":false},"excerpt":{"rendered":"<div class=\"mh-excerpt\"><p>Ph\u00f2ng Kh\u00e1m N\u1ed9i, Nhi V\u1ea1n H\u1ea1nh 22 Tr\u1ea7n Nh\u00e2n T\u00f4n, F2, Q10, TP. HCM TS.BS Tr\u1ea7n Thanh Tr\u00ed, chi\u1ec1u th\u1ee9 5 h\u1eb1ng tu\u1ea7n, 17h-20h. ThS.BS. H\u1ed3 Phi Duy, chi\u1ec1u Th\u1ee9 2,4,6 h\u1eb1ng tu\u1ea7n, 17h-20h. \u0110\u1eb7t <a class=\"mh-excerpt-more\" href=\"http:\/\/phauthuatnhi.vn\/vi\/dat-hen-tu-van\/\" title=\"\u0110\u1eb7t h\u1eb9n t\u01b0 v\u1ea5n v\u00e0 th\u0103m kh\u00e1m\">[&#8230;]<\/a><\/p>\n<\/div>","protected":false},"author":3,"featured_media":0,"parent":0,"menu_order":5,"comment_status":"closed","ping_status":"closed","template":"","meta":[],"_links":{"self":[{"href":"http:\/\/phauthuatnhi.vn\/vi\/wp-json\/wp\/v2\/pages\/320"}],"collection":[{"href":"http:\/\/phauthuatnhi.vn\/vi\/wp-json\/wp\/v2\/pages"}],"about":[{"href":"http:\/\/phauthuatnhi.vn\/vi\/wp-json\/wp\/v2\/types\/page"}],"author":[{"embeddable":true,"href":"http:\/\/phauthuatnhi.vn\/vi\/wp-json\/wp\/v2\/users\/3"}],"replies":[{"embeddable":true,"href":"http:\/\/phauthuatnhi.vn\/vi\/wp-json\/wp\/v2\/comments?post=320"}],"version-history":[{"count":8,"href":"http:\/\/phauthuatnhi.vn\/vi\/wp-json\/wp\/v2\/pages\/320\/revisions"}],"predecessor-version":[{"id":1045,"href":"http:\/\/phauthuatnhi.vn\/vi\/wp-json\/wp\/v2\/pages\/320\/revisions\/1045"}],"wp:attachment":[{"href":"http:\/\/phauthuatnhi.vn\/vi\/wp-json\/wp\/v2\/media?parent=320"}],"curies":[{"name":"wp","href":"https:\/\/api.w.org\/{rel}","templated":true}]}}